{"id":1065,"date":"2023-05-16T15:55:47","date_gmt":"2023-05-16T15:55:47","guid":{"rendered":"https:\/\/trouverunprofessionnel.fr\/?page_id=1065"},"modified":"2025-06-17T04:27:15","modified_gmt":"2025-06-17T04:27:15","slug":"annuaire-hotel-hebergement","status":"publish","type":"page","link":"https:\/\/trouverunprofessionnel.fr\/?page_id=1065","title":{"rendered":"H\u00c9BERGEMENT"},"content":{"rendered":"\t\t<div data-elementor-type=\"wp-page\" data-elementor-id=\"1065\" class=\"elementor elementor-1065\" data-elementor-post-type=\"page\">\n\t\t\t\t\t\t<section class=\"elementor-section elementor-top-section elementor-element elementor-element-8aee8eb elementor-section-height-min-height elementor-section-boxed elementor-section-height-default elementor-section-items-middle\" data-id=\"8aee8eb\" data-element_type=\"section\" data-e-type=\"section\" data-settings=\"{&quot;background_background&quot;:&quot;classic&quot;}\">\n\t\t\t\t\t\t\t<div class=\"elementor-background-overlay\"><\/div>\n\t\t\t\t\t\t\t<div class=\"elementor-container elementor-column-gap-no\">\n\t\t\t\t\t<div class=\"elementor-column elementor-col-100 elementor-top-column elementor-element elementor-element-a8b116e\" data-id=\"a8b116e\" data-element_type=\"column\" data-e-type=\"column\">\n\t\t\t<div class=\"elementor-widget-wrap elementor-element-populated\">\n\t\t\t\t\t\t<div class=\"elementor-element elementor-element-afa3171 elementor-widget elementor-widget-heading\" data-id=\"afa3171\" data-element_type=\"widget\" data-e-type=\"widget\" data-widget_type=\"heading.default\">\n\t\t\t\t<div class=\"elementor-widget-container\">\n\t\t\t\t\t<h1 class=\"elementor-heading-title elementor-size-default\">H\u00c9BERGEMENT<\/h1>\t\t\t\t<\/div>\n\t\t\t\t<\/div>\n\t\t\t\t<div class=\"elementor-element elementor-element-9860693 elementor-widget-divider--view-line elementor-widget elementor-widget-divider\" data-id=\"9860693\" data-element_type=\"widget\" data-e-type=\"widget\" data-widget_type=\"divider.default\">\n\t\t\t\t<div class=\"elementor-widget-container\">\n\t\t\t\t\t\t\t<div class=\"elementor-divider\">\n\t\t\t<span class=\"elementor-divider-separator\">\n\t\t\t\t\t\t<\/span>\n\t\t<\/div>\n\t\t\t\t\t\t<\/div>\n\t\t\t\t<\/div>\n\t\t\t\t<div class=\"elementor-element elementor-element-936f654 elementor-widget elementor-widget-heading\" data-id=\"936f654\" data-element_type=\"widget\" data-e-type=\"widget\" data-widget_type=\"heading.default\">\n\t\t\t\t<div class=\"elementor-widget-container\">\n\t\t\t\t\t<h4 class=\"elementor-heading-title elementor-size-default\">Criminal Lawyers Firm With Over 50+ Years of Experience Between Our Partners<\/h4>\t\t\t\t<\/div>\n\t\t\t\t<\/div>\n\t\t\t\t\t<\/div>\n\t\t<\/div>\n\t\t\t\t\t<\/div>\n\t\t<\/section>\n\t\t\t\t<section class=\"elementor-section elementor-top-section elementor-element elementor-element-adb1005 elementor-section-boxed elementor-section-height-default elementor-section-height-default\" data-id=\"adb1005\" data-element_type=\"section\" data-e-type=\"section\" data-settings=\"{&quot;background_background&quot;:&quot;classic&quot;}\">\n\t\t\t\t\t\t<div class=\"elementor-container elementor-column-gap-no\">\n\t\t\t\t\t<div class=\"elementor-column elementor-col-100 elementor-top-column elementor-element elementor-element-eaa208a\" data-id=\"eaa208a\" data-element_type=\"column\" data-e-type=\"column\">\n\t\t\t<div class=\"elementor-widget-wrap elementor-element-populated\">\n\t\t\t\t\t\t<section class=\"elementor-section elementor-inner-section elementor-element elementor-element-8001198 elementor-section-boxed elementor-section-height-default elementor-section-height-default\" data-id=\"8001198\" data-element_type=\"section\" data-e-type=\"section\">\n\t\t\t\t\t\t<div class=\"elementor-container elementor-column-gap-default\">\n\t\t\t\t\t<div class=\"elementor-column elementor-col-33 elementor-inner-column elementor-element elementor-element-0988cac\" data-id=\"0988cac\" data-element_type=\"column\" data-e-type=\"column\">\n\t\t\t<div class=\"elementor-widget-wrap elementor-element-populated\">\n\t\t\t\t\t\t<div class=\"elementor-element elementor-element-143e713 elementor-position-top elementor-widget elementor-widget-image-box\" data-id=\"143e713\" data-element_type=\"widget\" data-e-type=\"widget\" data-widget_type=\"image-box.default\">\n\t\t\t\t<div class=\"elementor-widget-container\">\n\t\t\t\t\t<div class=\"elementor-image-box-wrapper\"><figure class=\"elementor-image-box-img\"><a href=\"https:\/\/trouverunprofessionnel.fr\/hotel\/\" tabindex=\"-1\"><img decoding=\"async\" src=\"https:\/\/trouverunprofessionnel.fr\/wp-content\/plugins\/elementor\/assets\/images\/placeholder.png\" title=\"\" alt=\"\" loading=\"lazy\" \/><\/a><\/figure><div class=\"elementor-image-box-content\"><h3 class=\"elementor-image-box-title\"><a href=\"https:\/\/trouverunprofessionnel.fr\/hotel\/\">HOTEL<\/a><\/h3><p class=\"elementor-image-box-description\">Lorem ipsum dolor sit amet, consectetur adipiscing elit. Ut elit tellus, luctus nec ullamcorper mattis, pulvinar dapibus leo.<\/p><\/div><\/div>\t\t\t\t<\/div>\n\t\t\t\t<\/div>\n\t\t\t\t\t<\/div>\n\t\t<\/div>\n\t\t\t\t<div class=\"elementor-column elementor-col-33 elementor-inner-column elementor-element elementor-element-e0da7bf elementor-hidden-desktop elementor-hidden-tablet elementor-hidden-mobile\" data-id=\"e0da7bf\" data-element_type=\"column\" data-e-type=\"column\">\n\t\t\t<div class=\"elementor-widget-wrap elementor-element-populated\">\n\t\t\t\t\t\t<div class=\"elementor-element elementor-element-4f84757 elementor-position-top elementor-widget elementor-widget-image-box\" data-id=\"4f84757\" data-element_type=\"widget\" data-e-type=\"widget\" data-widget_type=\"image-box.default\">\n\t\t\t\t<div class=\"elementor-widget-container\">\n\t\t\t\t\t<div class=\"elementor-image-box-wrapper\"><figure class=\"elementor-image-box-img\"><a href=\"https:\/\/trouverunprofessionnel.fr\/terrassement-assainissement\/\" tabindex=\"-1\"><img decoding=\"async\" src=\"https:\/\/trouverunprofessionnel.fr\/wp-content\/plugins\/elementor\/assets\/images\/placeholder.png\" title=\"\" alt=\"\" loading=\"lazy\" \/><\/a><\/figure><div class=\"elementor-image-box-content\"><h3 class=\"elementor-image-box-title\"><a href=\"https:\/\/trouverunprofessionnel.fr\/terrassement-assainissement\/\">ASSAINISSEMENT<\/a><\/h3><p class=\"elementor-image-box-description\">Lorem ipsum dolor sit amet, consectetur adipiscing elit. Ut elit tellus, luctus nec ullamcorper mattis, pulvinar dapibus leo.<\/p><\/div><\/div>\t\t\t\t<\/div>\n\t\t\t\t<\/div>\n\t\t\t\t\t<\/div>\n\t\t<\/div>\n\t\t\t\t<div class=\"elementor-column elementor-col-33 elementor-inner-column elementor-element elementor-element-e8bc108 elementor-hidden-desktop elementor-hidden-tablet elementor-hidden-mobile\" data-id=\"e8bc108\" data-element_type=\"column\" data-e-type=\"column\">\n\t\t\t<div class=\"elementor-widget-wrap elementor-element-populated\">\n\t\t\t\t\t\t<div class=\"elementor-element elementor-element-477e6fc elementor-position-top elementor-widget elementor-widget-image-box\" data-id=\"477e6fc\" data-element_type=\"widget\" data-e-type=\"widget\" data-widget_type=\"image-box.default\">\n\t\t\t\t<div class=\"elementor-widget-container\">\n\t\t\t\t\t<div class=\"elementor-image-box-wrapper\"><figure class=\"elementor-image-box-img\"><a href=\"https:\/\/trouverunprofessionnel.fr\/carrossier\/\" tabindex=\"-1\"><img decoding=\"async\" src=\"https:\/\/trouverunprofessionnel.fr\/wp-content\/plugins\/elementor\/assets\/images\/placeholder.png\" title=\"\" alt=\"\" loading=\"lazy\" \/><\/a><\/figure><div class=\"elementor-image-box-content\"><h3 class=\"elementor-image-box-title\"><a href=\"https:\/\/trouverunprofessionnel.fr\/carrossier\/\">CARROSSIER<\/a><\/h3><p class=\"elementor-image-box-description\">Lorem ipsum dolor sit amet, consectetur adipiscing elit. Ut elit tellus, luctus nec ullamcorper mattis, pulvinar dapibus leo.<\/p><\/div><\/div>\t\t\t\t<\/div>\n\t\t\t\t<\/div>\n\t\t\t\t\t<\/div>\n\t\t<\/div>\n\t\t\t\t\t<\/div>\n\t\t<\/section>\n\t\t\t\t\t<\/div>\n\t\t<\/div>\n\t\t\t\t\t<\/div>\n\t\t<\/section>\n\t\t\t\t<section class=\"elementor-section elementor-top-section elementor-element elementor-element-9e422da elementor-section-boxed elementor-section-height-default elementor-section-height-default\" data-id=\"9e422da\" data-element_type=\"section\" data-e-type=\"section\" data-settings=\"{&quot;background_background&quot;:&quot;classic&quot;}\">\n\t\t\t\t\t\t<div class=\"elementor-container elementor-column-gap-no\">\n\t\t\t\t\t<div class=\"elementor-column elementor-col-100 elementor-top-column elementor-element elementor-element-c63b439\" data-id=\"c63b439\" data-element_type=\"column\" data-e-type=\"column\">\n\t\t\t<div class=\"elementor-widget-wrap elementor-element-populated\">\n\t\t\t\t\t\t<div class=\"elementor-element elementor-element-dc40bd0 elementor-widget elementor-widget-heading\" data-id=\"dc40bd0\" data-element_type=\"widget\" data-e-type=\"widget\" data-widget_type=\"heading.default\">\n\t\t\t\t<div class=\"elementor-widget-container\">\n\t\t\t\t\t<h5 class=\"elementor-heading-title elementor-size-default\">Associations &amp; Memberships<\/h5>\t\t\t\t<\/div>\n\t\t\t\t<\/div>\n\t\t\t\t<div class=\"elementor-element elementor-element-71c27ad elementor-widget elementor-widget-image-carousel\" data-id=\"71c27ad\" data-element_type=\"widget\" data-e-type=\"widget\" data-settings=\"{&quot;slides_to_show&quot;:&quot;5&quot;,&quot;slides_to_scroll&quot;:&quot;1&quot;,&quot;navigation&quot;:&quot;none&quot;,&quot;slides_to_show_tablet&quot;:&quot;5&quot;,&quot;slides_to_show_mobile&quot;:&quot;2&quot;,&quot;autoplay&quot;:&quot;yes&quot;,&quot;pause_on_hover&quot;:&quot;yes&quot;,&quot;pause_on_interaction&quot;:&quot;yes&quot;,&quot;autoplay_speed&quot;:5000,&quot;infinite&quot;:&quot;yes&quot;,&quot;speed&quot;:500}\" data-widget_type=\"image-carousel.default\">\n\t\t\t\t<div class=\"elementor-widget-container\">\n\t\t\t\t\t\t\t<div class=\"elementor-image-carousel-wrapper swiper\" role=\"region\" aria-roledescription=\"carousel\" aria-label=\"Carrousel d\u2019images\" dir=\"ltr\">\n\t\t\t<div class=\"elementor-image-carousel swiper-wrapper\" aria-live=\"off\">\n\t\t\t\t\t\t\t\t<div class=\"swiper-slide\" role=\"group\" aria-roledescription=\"slide\" aria-label=\"1 sur 5\"><figure class=\"swiper-slide-inner\"><img decoding=\"async\" class=\"swiper-slide-image\" src=\"https:\/\/trouverunprofessionnel.fr\/wp-content\/uploads\/2021\/03\/logo-5.svg\" alt=\"logo-5\" \/><\/figure><\/div><div class=\"swiper-slide\" role=\"group\" aria-roledescription=\"slide\" aria-label=\"2 sur 5\"><figure class=\"swiper-slide-inner\"><img decoding=\"async\" class=\"swiper-slide-image\" src=\"https:\/\/trouverunprofessionnel.fr\/wp-content\/uploads\/2021\/03\/logo-4.svg\" alt=\"logo-4\" \/><\/figure><\/div><div class=\"swiper-slide\" role=\"group\" aria-roledescription=\"slide\" aria-label=\"3 sur 5\"><figure class=\"swiper-slide-inner\"><img decoding=\"async\" class=\"swiper-slide-image\" src=\"https:\/\/trouverunprofessionnel.fr\/wp-content\/uploads\/2021\/03\/logo-3.svg\" alt=\"logo-3\" \/><\/figure><\/div><div class=\"swiper-slide\" role=\"group\" aria-roledescription=\"slide\" aria-label=\"4 sur 5\"><figure class=\"swiper-slide-inner\"><img decoding=\"async\" class=\"swiper-slide-image\" src=\"https:\/\/trouverunprofessionnel.fr\/wp-content\/uploads\/2021\/03\/logo-2.svg\" alt=\"logo-2\" \/><\/figure><\/div><div class=\"swiper-slide\" role=\"group\" aria-roledescription=\"slide\" aria-label=\"5 sur 5\"><figure class=\"swiper-slide-inner\"><img decoding=\"async\" class=\"swiper-slide-image\" src=\"https:\/\/trouverunprofessionnel.fr\/wp-content\/uploads\/2021\/03\/logo-1.svg\" alt=\"logo-1\" \/><\/figure><\/div>\t\t\t<\/div>\n\t\t\t\t\t\t\t\n\t\t\t\t\t\t\t\t\t<\/div>\n\t\t\t\t\t\t<\/div>\n\t\t\t\t<\/div>\n\t\t\t\t\t<\/div>\n\t\t<\/div>\n\t\t\t\t\t<\/div>\n\t\t<\/section>\n\t\t\t\t<section class=\"elementor-section elementor-top-section elementor-element elementor-element-1ae8296 elementor-section-height-min-height elementor-section-boxed elementor-section-height-default elementor-section-items-middle\" data-id=\"1ae8296\" data-element_type=\"section\" data-e-type=\"section\" data-settings=\"{&quot;background_background&quot;:&quot;classic&quot;}\">\n\t\t\t\t\t\t\t<div class=\"elementor-background-overlay\"><\/div>\n\t\t\t\t\t\t\t<div class=\"elementor-container elementor-column-gap-no\">\n\t\t\t\t\t<div class=\"elementor-column elementor-col-100 elementor-top-column elementor-element elementor-element-36c3e2e\" data-id=\"36c3e2e\" data-element_type=\"column\" data-e-type=\"column\">\n\t\t\t<div class=\"elementor-widget-wrap elementor-element-populated\">\n\t\t\t\t\t\t<div class=\"elementor-element elementor-element-a3ff531 elementor-widget elementor-widget-heading\" data-id=\"a3ff531\" data-element_type=\"widget\" data-e-type=\"widget\" data-widget_type=\"heading.default\">\n\t\t\t\t<div class=\"elementor-widget-container\">\n\t\t\t\t\t<h6 class=\"elementor-heading-title elementor-size-default\">don\u2019t wait any longer<\/h6>\t\t\t\t<\/div>\n\t\t\t\t<\/div>\n\t\t\t\t<div class=\"elementor-element elementor-element-9cc0381 elementor-widget-divider--view-line elementor-widget elementor-widget-divider\" data-id=\"9cc0381\" data-element_type=\"widget\" data-e-type=\"widget\" data-widget_type=\"divider.default\">\n\t\t\t\t<div class=\"elementor-widget-container\">\n\t\t\t\t\t\t\t<div class=\"elementor-divider\">\n\t\t\t<span class=\"elementor-divider-separator\">\n\t\t\t\t\t\t<\/span>\n\t\t<\/div>\n\t\t\t\t\t\t<\/div>\n\t\t\t\t<\/div>\n\t\t\t\t<div class=\"elementor-element elementor-element-94df135 elementor-widget elementor-widget-heading\" data-id=\"94df135\" data-element_type=\"widget\" data-e-type=\"widget\" data-widget_type=\"heading.default\">\n\t\t\t\t<div class=\"elementor-widget-container\">\n\t\t\t\t\t<h2 class=\"elementor-heading-title elementor-size-default\">Contact Our Criminal Defence Lawyers Today!<\/h2>\t\t\t\t<\/div>\n\t\t\t\t<\/div>\n\t\t\t\t<div class=\"elementor-element elementor-element-0514f21 elementor-widget elementor-widget-text-editor\" data-id=\"0514f21\" data-element_type=\"widget\" data-e-type=\"widget\" data-widget_type=\"text-editor.default\">\n\t\t\t\t<div class=\"elementor-widget-container\">\n\t\t\t\t\t\t\t\t\t<p>Contact an experienced criminal defence lawyer to fight for your case.<\/p>\t\t\t\t\t\t\t\t<\/div>\n\t\t\t\t<\/div>\n\t\t\t\t<div class=\"elementor-element elementor-element-07d0672 elementor-align-center elementor-icon-list--layout-traditional elementor-list-item-link-full_width elementor-widget elementor-widget-icon-list\" data-id=\"07d0672\" data-element_type=\"widget\" data-e-type=\"widget\" data-widget_type=\"icon-list.default\">\n\t\t\t\t<div class=\"elementor-widget-container\">\n\t\t\t\t\t\t\t<ul class=\"elementor-icon-list-items\">\n\t\t\t\t\t\t\t<li class=\"elementor-icon-list-item\">\n\t\t\t\t\t\t\t\t\t\t\t<span class=\"elementor-icon-list-icon\">\n\t\t\t\t\t\t\t<i aria-hidden=\"true\" class=\"fas fa-phone-alt\"><\/i>\t\t\t\t\t\t<\/span>\n\t\t\t\t\t\t\t\t\t\t<span class=\"elementor-icon-list-text\">929-242-6868<\/span>\n\t\t\t\t\t\t\t\t\t<\/li>\n\t\t\t\t\t\t<\/ul>\n\t\t\t\t\t\t<\/div>\n\t\t\t\t<\/div>\n\t\t\t\t\t<\/div>\n\t\t<\/div>\n\t\t\t\t\t<\/div>\n\t\t<\/section>\n\t\t\t\t<\/div>\n\t\t","protected":false},"excerpt":{"rendered":"<p>H\u00c9BERGEMENT Criminal Lawyers Firm With Over 50+ Years of Experience Between Our Partners HOTEL Lorem ipsum dolor sit amet, consectetur adipiscing elit. Ut elit tellus, luctus nec ullamcorper mattis, pulvinar dapibus leo. ASSAINISSEMENT Lorem ipsum dolor sit amet, consectetur adipiscing elit. Ut elit tellus, luctus nec ullamcorper mattis, pulvinar dapibus leo. CARROSSIER Lorem ipsum dolor [&hellip;]<\/p>\n","protected":false},"author":1,"featured_media":1645,"parent":0,"menu_order":0,"comment_status":"closed","ping_status":"closed","template":"","meta":{"_seopress_robots_primary_cat":"0","_seopress_titles_title":"","_seopress_titles_desc":"D\u00e9couvrez l&#039;EVEREST, l&#039;annuaire des professionnels nouvelle g\u00e9n\u00e9ration. Trouvez un h\u00f4tel dans votre r\u00e9gion","_seopress_robots_index":"","site-sidebar-layout":"no-sidebar","site-content-layout":"page-builder","ast-site-content-layout":"default","site-content-style":"default","site-sidebar-style":"default","ast-global-header-display":"","ast-banner-title-visibility":"","ast-main-header-display":"","ast-hfb-above-header-display":"","ast-hfb-below-header-display":"","ast-hfb-mobile-header-display":"","site-post-title":"disabled","ast-breadcrumbs-content":"disabled","ast-featured-img":"disabled","footer-sml-layout":"","ast-disable-related-posts":"","theme-transparent-header-meta":"enabled","adv-header-id-meta":"","stick-header-meta":"","header-above-stick-meta":"","header-main-stick-meta":"","header-below-stick-meta":"","astra-migrate-meta-layouts":"default","ast-page-background-enabled":"default","ast-page-background-meta":{"desktop":{"background-color":"","background-image":"","background-repeat":"repeat","background-position":"center center","background-size":"auto","background-attachment":"scroll","background-type":"","background-media":"","overlay-type":"","overlay-color":"","overlay-opacity":"","overlay-gradient":""},"tablet":{"background-color":"","background-image":"","background-repeat":"repeat","background-position":"center center","background-size":"auto","background-attachment":"scroll","background-type":"","background-media":"","overlay-type":"","overlay-color":"","overlay-opacity":"","overlay-gradient":""},"mobile":{"background-color":"","background-image":"","background-repeat":"repeat","background-position":"center center","background-size":"auto","background-attachment":"scroll","background-type":"","background-media":"","overlay-type":"","overlay-color":"","overlay-opacity":"","overlay-gradient":""}},"ast-content-background-meta":{"desktop":{"background-color":"var(--ast-global-color-5)","background-image":"","background-repeat":"repeat","background-position":"center center","background-size":"auto","background-attachment":"scroll","background-type":"","background-media":"","overlay-type":"","overlay-color":"","overlay-opacity":"","overlay-gradient":""},"tablet":{"background-color":"var(--ast-global-color-5)","background-image":"","background-repeat":"repeat","background-position":"center center","background-size":"auto","background-attachment":"scroll","background-type":"","background-media":"","overlay-type":"","overlay-color":"","overlay-opacity":"","overlay-gradient":""},"mobile":{"background-color":"var(--ast-global-color-5)","background-image":"","background-repeat":"repeat","background-position":"center center","background-size":"auto","background-attachment":"scroll","background-type":"","background-media":"","overlay-type":"","overlay-color":"","overlay-opacity":"","overlay-gradient":""}},"footnotes":""},"class_list":["post-1065","page","type-page","status-publish","has-post-thumbnail","hentry"],"yoast_head":"<!-- This site is optimized with the Yoast SEO plugin v27.5 - https:\/\/yoast.com\/product\/yoast-seo-wordpress\/ -->\n<title>H\u00c9BERGEMENT - Annuaire professionnel<\/title>\n<meta name=\"description\" content=\"D\u00e9couvrez l&#039;EVEREST, l&#039;annuaire des professionnels nouvelle g\u00e9n\u00e9ration. Trouvez un h\u00f4tel dans votre r\u00e9gion\" \/>\n<meta name=\"robots\" content=\"index, follow, max-snippet:-1, max-image-preview:large, max-video-preview:-1\" \/>\n<link rel=\"canonical\" href=\"https:\/\/trouverunprofessionnel.fr\/?page_id=1065\" \/>\n<meta property=\"og:locale\" content=\"fr_FR\" \/>\n<meta property=\"og:type\" content=\"article\" \/>\n<meta property=\"og:title\" content=\"H\u00c9BERGEMENT - Annuaire professionnel\" \/>\n<meta property=\"og:description\" content=\"D\u00e9couvrez l&#039;EVEREST, l&#039;annuaire des professionnels nouvelle g\u00e9n\u00e9ration. Trouvez un h\u00f4tel dans votre r\u00e9gion\" \/>\n<meta property=\"og:url\" content=\"https:\/\/trouverunprofessionnel.fr\/?page_id=1065\" \/>\n<meta property=\"og:site_name\" content=\"Annuaire professionnel\" \/>\n<meta property=\"article:modified_time\" content=\"2025-06-17T04:27:15+00:00\" \/>\n<meta property=\"og:image\" content=\"https:\/\/trouverunprofessionnel.fr\/wp-content\/uploads\/2023\/05\/pexels-evgenia-basyrova-5028927-1-scaled.jpg\" \/>\n\t<meta property=\"og:image:width\" content=\"2560\" \/>\n\t<meta property=\"og:image:height\" content=\"1707\" \/>\n\t<meta property=\"og:image:type\" content=\"image\/jpeg\" \/>\n<meta name=\"twitter:card\" content=\"summary_large_image\" \/>\n<meta name=\"twitter:label1\" content=\"Dur\u00e9e de lecture estim\u00e9e\" \/>\n\t<meta name=\"twitter:data1\" content=\"3 minutes\" \/>\n<script type=\"application\/ld+json\" class=\"yoast-schema-graph\">{\"@context\":\"https:\\\/\\\/schema.org\",\"@graph\":[{\"@type\":\"WebPage\",\"@id\":\"https:\\\/\\\/trouverunprofessionnel.fr\\\/?page_id=1065\",\"url\":\"https:\\\/\\\/trouverunprofessionnel.fr\\\/?page_id=1065\",\"name\":\"H\u00c9BERGEMENT - Annuaire professionnel\",\"isPartOf\":{\"@id\":\"https:\\\/\\\/trouverunprofessionnel.fr\\\/#website\"},\"primaryImageOfPage\":{\"@id\":\"https:\\\/\\\/trouverunprofessionnel.fr\\\/?page_id=1065#primaryimage\"},\"image\":{\"@id\":\"https:\\\/\\\/trouverunprofessionnel.fr\\\/?page_id=1065#primaryimage\"},\"thumbnailUrl\":\"https:\\\/\\\/trouverunprofessionnel.fr\\\/wp-content\\\/uploads\\\/2023\\\/05\\\/pexels-evgenia-basyrova-5028927-1-scaled.jpg\",\"datePublished\":\"2023-05-16T15:55:47+00:00\",\"dateModified\":\"2025-06-17T04:27:15+00:00\",\"description\":\"D\u00e9couvrez l'EVEREST, l'annuaire des professionnels nouvelle g\u00e9n\u00e9ration. Trouvez un h\u00f4tel dans votre r\u00e9gion\",\"breadcrumb\":{\"@id\":\"https:\\\/\\\/trouverunprofessionnel.fr\\\/?page_id=1065#breadcrumb\"},\"inLanguage\":\"fr-FR\",\"potentialAction\":[{\"@type\":\"ReadAction\",\"target\":[\"https:\\\/\\\/trouverunprofessionnel.fr\\\/?page_id=1065\"]}]},{\"@type\":\"ImageObject\",\"inLanguage\":\"fr-FR\",\"@id\":\"https:\\\/\\\/trouverunprofessionnel.fr\\\/?page_id=1065#primaryimage\",\"url\":\"https:\\\/\\\/trouverunprofessionnel.fr\\\/wp-content\\\/uploads\\\/2023\\\/05\\\/pexels-evgenia-basyrova-5028927-1-scaled.jpg\",\"contentUrl\":\"https:\\\/\\\/trouverunprofessionnel.fr\\\/wp-content\\\/uploads\\\/2023\\\/05\\\/pexels-evgenia-basyrova-5028927-1-scaled.jpg\",\"width\":2560,\"height\":1707},{\"@type\":\"BreadcrumbList\",\"@id\":\"https:\\\/\\\/trouverunprofessionnel.fr\\\/?page_id=1065#breadcrumb\",\"itemListElement\":[{\"@type\":\"ListItem\",\"position\":1,\"name\":\"Accueil\",\"item\":\"https:\\\/\\\/trouverunprofessionnel.fr\\\/\"},{\"@type\":\"ListItem\",\"position\":2,\"name\":\"H\u00c9BERGEMENT\"}]},{\"@type\":\"WebSite\",\"@id\":\"https:\\\/\\\/trouverunprofessionnel.fr\\\/#website\",\"url\":\"https:\\\/\\\/trouverunprofessionnel.fr\\\/\",\"name\":\"Annuaire professionnel\",\"description\":\"Annuaire professionnel\",\"potentialAction\":[{\"@type\":\"SearchAction\",\"target\":{\"@type\":\"EntryPoint\",\"urlTemplate\":\"https:\\\/\\\/trouverunprofessionnel.fr\\\/?s={search_term_string}\"},\"query-input\":{\"@type\":\"PropertyValueSpecification\",\"valueRequired\":true,\"valueName\":\"search_term_string\"}}],\"inLanguage\":\"fr-FR\"}]}<\/script>\n<!-- \/ Yoast SEO plugin. -->","yoast_head_json":{"title":"H\u00c9BERGEMENT - Annuaire professionnel","description":"D\u00e9couvrez l'EVEREST, l'annuaire des professionnels nouvelle g\u00e9n\u00e9ration. Trouvez un h\u00f4tel dans votre r\u00e9gion","robots":{"index":"index","follow":"follow","max-snippet":"max-snippet:-1","max-image-preview":"max-image-preview:large","max-video-preview":"max-video-preview:-1"},"canonical":"https:\/\/trouverunprofessionnel.fr\/?page_id=1065","og_locale":"fr_FR","og_type":"article","og_title":"H\u00c9BERGEMENT - Annuaire professionnel","og_description":"D\u00e9couvrez l'EVEREST, l'annuaire des professionnels nouvelle g\u00e9n\u00e9ration. Trouvez un h\u00f4tel dans votre r\u00e9gion","og_url":"https:\/\/trouverunprofessionnel.fr\/?page_id=1065","og_site_name":"Annuaire professionnel","article_modified_time":"2025-06-17T04:27:15+00:00","og_image":[{"width":2560,"height":1707,"url":"https:\/\/trouverunprofessionnel.fr\/wp-content\/uploads\/2023\/05\/pexels-evgenia-basyrova-5028927-1-scaled.jpg","type":"image\/jpeg"}],"twitter_card":"summary_large_image","twitter_misc":{"Dur\u00e9e de lecture estim\u00e9e":"3 minutes"},"schema":{"@context":"https:\/\/schema.org","@graph":[{"@type":"WebPage","@id":"https:\/\/trouverunprofessionnel.fr\/?page_id=1065","url":"https:\/\/trouverunprofessionnel.fr\/?page_id=1065","name":"H\u00c9BERGEMENT - Annuaire professionnel","isPartOf":{"@id":"https:\/\/trouverunprofessionnel.fr\/#website"},"primaryImageOfPage":{"@id":"https:\/\/trouverunprofessionnel.fr\/?page_id=1065#primaryimage"},"image":{"@id":"https:\/\/trouverunprofessionnel.fr\/?page_id=1065#primaryimage"},"thumbnailUrl":"https:\/\/trouverunprofessionnel.fr\/wp-content\/uploads\/2023\/05\/pexels-evgenia-basyrova-5028927-1-scaled.jpg","datePublished":"2023-05-16T15:55:47+00:00","dateModified":"2025-06-17T04:27:15+00:00","description":"D\u00e9couvrez l'EVEREST, l'annuaire des professionnels nouvelle g\u00e9n\u00e9ration. Trouvez un h\u00f4tel dans votre r\u00e9gion","breadcrumb":{"@id":"https:\/\/trouverunprofessionnel.fr\/?page_id=1065#breadcrumb"},"inLanguage":"fr-FR","potentialAction":[{"@type":"ReadAction","target":["https:\/\/trouverunprofessionnel.fr\/?page_id=1065"]}]},{"@type":"ImageObject","inLanguage":"fr-FR","@id":"https:\/\/trouverunprofessionnel.fr\/?page_id=1065#primaryimage","url":"https:\/\/trouverunprofessionnel.fr\/wp-content\/uploads\/2023\/05\/pexels-evgenia-basyrova-5028927-1-scaled.jpg","contentUrl":"https:\/\/trouverunprofessionnel.fr\/wp-content\/uploads\/2023\/05\/pexels-evgenia-basyrova-5028927-1-scaled.jpg","width":2560,"height":1707},{"@type":"BreadcrumbList","@id":"https:\/\/trouverunprofessionnel.fr\/?page_id=1065#breadcrumb","itemListElement":[{"@type":"ListItem","position":1,"name":"Accueil","item":"https:\/\/trouverunprofessionnel.fr\/"},{"@type":"ListItem","position":2,"name":"H\u00c9BERGEMENT"}]},{"@type":"WebSite","@id":"https:\/\/trouverunprofessionnel.fr\/#website","url":"https:\/\/trouverunprofessionnel.fr\/","name":"Annuaire professionnel","description":"Annuaire professionnel","potentialAction":[{"@type":"SearchAction","target":{"@type":"EntryPoint","urlTemplate":"https:\/\/trouverunprofessionnel.fr\/?s={search_term_string}"},"query-input":{"@type":"PropertyValueSpecification","valueRequired":true,"valueName":"search_term_string"}}],"inLanguage":"fr-FR"}]}},"_links":{"self":[{"href":"https:\/\/trouverunprofessionnel.fr\/index.php?rest_route=\/wp\/v2\/pages\/1065","targetHints":{"allow":["GET"]}}],"collection":[{"href":"https:\/\/trouverunprofessionnel.fr\/index.php?rest_route=\/wp\/v2\/pages"}],"about":[{"href":"https:\/\/trouverunprofessionnel.fr\/index.php?rest_route=\/wp\/v2\/types\/page"}],"author":[{"embeddable":true,"href":"https:\/\/trouverunprofessionnel.fr\/index.php?rest_route=\/wp\/v2\/users\/1"}],"replies":[{"embeddable":true,"href":"https:\/\/trouverunprofessionnel.fr\/index.php?rest_route=%2Fwp%2Fv2%2Fcomments&post=1065"}],"version-history":[{"count":0,"href":"https:\/\/trouverunprofessionnel.fr\/index.php?rest_route=\/wp\/v2\/pages\/1065\/revisions"}],"wp:featuredmedia":[{"embeddable":true,"href":"https:\/\/trouverunprofessionnel.fr\/index.php?rest_route=\/wp\/v2\/media\/1645"}],"wp:attachment":[{"href":"https:\/\/trouverunprofessionnel.fr\/index.php?rest_route=%2Fwp%2Fv2%2Fmedia&parent=1065"}],"curies":[{"name":"wp","href":"https:\/\/api.w.org\/{rel}","templated":true}]}}